{"id":1764,"date":"2025-01-16T18:51:43","date_gmt":"2025-01-16T18:51:43","guid":{"rendered":"https:\/\/oop4fun.eu\/?page_id=1764"},"modified":"2025-01-16T18:51:43","modified_gmt":"2025-01-16T18:51:43","slug":"oop4fun-conference-sk01-zilina-13-september-2024","status":"publish","type":"page","link":"https:\/\/oop4fun.eu\/?page_id=1764","title":{"rendered":"OOP4FUN conference SK01 &#8211; \u017dilina, 13 September 2024"},"content":{"rendered":"\n<p>The primary aim of the multiplier event was to disseminate information about newly developed international curricula for secondary schools \u2013 specifically, educational materials for programming courses \u2013 to Slovak institutions outside of the project consortium. The project&#8217;s outcomes, PR1-PR4, were presented. The event consisted of two parts: 1) a presentation of the project&#8217;s results and 2) sample teaching lessons on object-oriented programming using a textbook prepared as part of PR4 (a handbook for secondary school teachers).<\/p>\n\n\n\n<p>The first part aimed to provide a general overview of the project&#8217;s activities and outcomes. The second part was designed as an interactive session, demonstrating how secondary school teachers could use the specific educational materials in their own lessons. <\/p>\n\n\n\n<p>Interactions with secondary school teachers provided valuable feedback for the multiplier event. Colleagues from Obchodn\u00e1 akad\u00e9mia Pova\u017esk\u00e1 Bystrica (a project partner) shared their experiences of using the prepared teaching materials. The event had 23 in-person participants, including teachers from various secondary schools in the \u017dilina and Tren\u010d\u00edn regions.<\/p>\n\n\n\n<figure class=\"wp-container-2 wp-block-gallery-1 wp-block-gallery has-nested-images columns-default is-cropped\"><\/figure>\n","protected":false},"excerpt":{"rendered":"<p>The primary aim of the multiplier event was to disseminate information about newly developed international curricula for secondary schools \u2013 specifically, educational materials for programming courses \u2013 to Slovak institutions outside of the project consortium. The project&#8217;s outcomes, PR1-PR4, were presented. The&#8230;<\/p>\n","protected":false},"author":1,"featured_media":0,"parent":0,"menu_order":0,"comment_status":"closed","ping_status":"closed","template":"","meta":{"_monsterinsights_skip_tracking":false,"_monsterinsights_sitenote_active":false,"_monsterinsights_sitenote_note":"","_monsterinsights_sitenote_category":0},"_links":{"self":[{"href":"https:\/\/oop4fun.eu\/index.php?rest_route=\/wp\/v2\/pages\/1764"}],"collection":[{"href":"https:\/\/oop4fun.eu\/index.php?rest_route=\/wp\/v2\/pages"}],"about":[{"href":"https:\/\/oop4fun.eu\/index.php?rest_route=\/wp\/v2\/types\/page"}],"author":[{"embeddable":true,"href":"https:\/\/oop4fun.eu\/index.php?rest_route=\/wp\/v2\/users\/1"}],"replies":[{"embeddable":true,"href":"https:\/\/oop4fun.eu\/index.php?rest_route=%2Fwp%2Fv2%2Fcomments&post=1764"}],"version-history":[{"count":1,"href":"https:\/\/oop4fun.eu\/index.php?rest_route=\/wp\/v2\/pages\/1764\/revisions"}],"predecessor-version":[{"id":1765,"href":"https:\/\/oop4fun.eu\/index.php?rest_route=\/wp\/v2\/pages\/1764\/revisions\/1765"}],"wp:attachment":[{"href":"https:\/\/oop4fun.eu\/index.php?rest_route=%2Fwp%2Fv2%2Fmedia&parent=1764"}],"curies":[{"name":"wp","href":"https:\/\/api.w.org\/{rel}","templated":true}]}}