{"id":1658,"date":"2025-01-16T10:51:07","date_gmt":"2025-01-16T10:51:07","guid":{"rendered":"https:\/\/oop4fun.eu\/?page_id=1658"},"modified":"2025-04-08T06:18:20","modified_gmt":"2025-04-08T06:18:20","slug":"pr4-materials-for-teachers-transfer-of-experience-for-current-and-future-teachers","status":"publish","type":"page","link":"https:\/\/oop4fun.eu\/?page_id=1658","title":{"rendered":"PR4 \u2013 Materials for teachers &#8211; transfer of experience for current and future teachers"},"content":{"rendered":"\t\t<div data-elementor-type=\"wp-page\" data-elementor-id=\"1658\" class=\"elementor elementor-1658\" data-elementor-settings=\"[]\">\n\t\t\t\t\t\t\t<div class=\"elementor-section-wrap\">\n\t\t\t\t\t\t\t<section class=\"elementor-section elementor-top-section elementor-element elementor-element-035dbe2 elementor-section-boxed elementor-section-height-default elementor-section-height-default\" data-id=\"035dbe2\" data-element_type=\"section\">\n\t\t\t\t\t\t\t<div class=\"elementor-background-overlay\"><\/div>\n\t\t\t\t\t\t\t<div class=\"elementor-container elementor-column-gap-default\">\n\t\t\t\t\t<div class=\"elementor-column elementor-col-100 elementor-top-column elementor-element elementor-element-40c4d21\" data-id=\"40c4d21\" data-element_type=\"column\">\n\t\t\t<div class=\"elementor-widget-wrap elementor-element-populated\">\n\t\t\t\t\t\t\t\t<div class=\"elementor-element elementor-element-c52ec53 elementor-align-center elementor-widget elementor-widget-button\" data-id=\"c52ec53\" data-element_type=\"widget\" data-widget_type=\"button.default\">\n\t\t\t\t<div class=\"elementor-widget-container\">\n\t\t\t\t\t<div class=\"elementor-button-wrapper\">\n\t\t\t<a href=\"https:\/\/oop4fun.eu\/wp-content\/uploads\/2025\/01\/OOP4FUN-PR4-Book-A-SK.pdf\" class=\"elementor-button-link elementor-button elementor-size-lg\" role=\"button\">\n\t\t\t\t\t\t<span class=\"elementor-button-content-wrapper\">\n\t\t\t\t\t\t<span class=\"elementor-button-text\">PR4 - Pr\u00edru\u010dka pre u\u010dite\u013eov stredn\u00fdch \u0161k\u00f4l (slovensk\u00e1 verzia)<\/span>\n\t\t<\/span>\n\t\t\t\t\t<\/a>\n\t\t<\/div>\n\t\t\t\t<\/div>\n\t\t\t\t<\/div>\n\t\t\t\t<div class=\"elementor-element elementor-element-075b6bd elementor-align-center elementor-widget elementor-widget-button\" data-id=\"075b6bd\" data-element_type=\"widget\" data-widget_type=\"button.default\">\n\t\t\t\t<div class=\"elementor-widget-container\">\n\t\t\t\t\t<div class=\"elementor-button-wrapper\">\n\t\t\t<a href=\"https:\/\/oop4fun.eu\/wp-content\/uploads\/2025\/01\/OOP4FUN-PR4-Book-A-CZ.pdf\" class=\"elementor-button-link elementor-button elementor-size-lg\" role=\"button\">\n\t\t\t\t\t\t<span class=\"elementor-button-content-wrapper\">\n\t\t\t\t\t\t<span class=\"elementor-button-text\">PR4 - Pr\u016fvodce pro u\u010ditele st\u0159edn\u00edch \u0161kol (\u010desk\u00e1 verze)<\/span>\n\t\t<\/span>\n\t\t\t\t\t<\/a>\n\t\t<\/div>\n\t\t\t\t<\/div>\n\t\t\t\t<\/div>\n\t\t\t\t<div class=\"elementor-element elementor-element-9ec8a9c elementor-align-center elementor-widget elementor-widget-button\" data-id=\"9ec8a9c\" data-element_type=\"widget\" data-widget_type=\"button.default\">\n\t\t\t\t<div class=\"elementor-widget-container\">\n\t\t\t\t\t<div class=\"elementor-button-wrapper\">\n\t\t\t<a href=\"https:\/\/oop4fun.eu\/wp-content\/uploads\/2025\/01\/OOP4FUN-PR4-Book-A-HR.pdf\" class=\"elementor-button-link elementor-button elementor-size-lg\" role=\"button\">\n\t\t\t\t\t\t<span class=\"elementor-button-content-wrapper\">\n\t\t\t\t\t\t<span class=\"elementor-button-text\">PR4 - Vodi\u010d za nastavnike srednjih \u0161kola (hrvatska verzija)<\/span>\n\t\t<\/span>\n\t\t\t\t\t<\/a>\n\t\t<\/div>\n\t\t\t\t<\/div>\n\t\t\t\t<\/div>\n\t\t\t\t<div class=\"elementor-element elementor-element-8cf16da elementor-align-center elementor-widget elementor-widget-button\" data-id=\"8cf16da\" data-element_type=\"widget\" data-widget_type=\"button.default\">\n\t\t\t\t<div class=\"elementor-widget-container\">\n\t\t\t\t\t<div class=\"elementor-button-wrapper\">\n\t\t\t<a href=\"https:\/\/oop4fun.eu\/wp-content\/uploads\/2025\/04\/OOP4FUN-PR4-Book-A-RS.pdf\" class=\"elementor-button-link elementor-button elementor-size-lg\" role=\"button\">\n\t\t\t\t\t\t<span class=\"elementor-button-content-wrapper\">\n\t\t\t\t\t\t<span class=\"elementor-button-text\">PR4 - \u041f\u0440\u0438\u0440\u0443\u0447\u043d\u0438\u043a \u0437\u0430 \u043d\u0430\u0441\u0442\u0430\u0432\u043d\u0438\u043a\u0435 \u0441\u0440\u0435\u0434\u045a\u0438\u0445 \u0448\u043a\u043e\u043b\u0430 (c\u0440\u043f\u0441\u043a\u0430 \u0432\u0435\u0440\u0437\u0438\u0458\u0430)<\/span>\n\t\t<\/span>\n\t\t\t\t\t<\/a>\n\t\t<\/div>\n\t\t\t\t<\/div>\n\t\t\t\t<\/div>\n\t\t\t\t<div class=\"elementor-element elementor-element-2fb4bbe elementor-align-center elementor-widget elementor-widget-button\" data-id=\"2fb4bbe\" data-element_type=\"widget\" data-widget_type=\"button.default\">\n\t\t\t\t<div class=\"elementor-widget-container\">\n\t\t\t\t\t<div class=\"elementor-button-wrapper\">\n\t\t\t<a href=\"https:\/\/oop4fun.eu\/wp-content\/uploads\/2025\/01\/OOP4FUN-PR4-Book-A-DE.pdf\" class=\"elementor-button-link elementor-button elementor-size-lg\" role=\"button\">\n\t\t\t\t\t\t<span class=\"elementor-button-content-wrapper\">\n\t\t\t\t\t\t<span class=\"elementor-button-text\">PR4 - Ein praktischer Leitfaden f\u00fcr Lehrer (deutsche Version)<\/span>\n\t\t<\/span>\n\t\t\t\t\t<\/a>\n\t\t<\/div>\n\t\t\t\t<\/div>\n\t\t\t\t<\/div>\n\t\t\t\t<div class=\"elementor-element elementor-element-9d9e1d1 elementor-align-center elementor-widget elementor-widget-button\" data-id=\"9d9e1d1\" data-element_type=\"widget\" data-widget_type=\"button.default\">\n\t\t\t\t<div class=\"elementor-widget-container\">\n\t\t\t\t\t<div class=\"elementor-button-wrapper\">\n\t\t\t<a href=\"https:\/\/oop4fun.eu\/wp-content\/uploads\/2025\/01\/OOP4FUN-PR4-Book-B-EN.pdf\" class=\"elementor-button-link elementor-button elementor-size-lg\" role=\"button\">\n\t\t\t\t\t\t<span class=\"elementor-button-content-wrapper\">\n\t\t\t\t\t\t<span class=\"elementor-button-text\">PR4 - Study materials for future teachers<\/span>\n\t\t<\/span>\n\t\t\t\t\t<\/a>\n\t\t<\/div>\n\t\t\t\t<\/div>\n\t\t\t\t<\/div>\n\t\t\t\t<div class=\"elementor-element elementor-element-39f38b4 elementor-align-center elementor-widget elementor-widget-button\" data-id=\"39f38b4\" data-element_type=\"widget\" data-widget_type=\"button.default\">\n\t\t\t\t<div class=\"elementor-widget-container\">\n\t\t\t\t\t<div class=\"elementor-button-wrapper\">\n\t\t\t<a href=\"https:\/\/oop4fun.fon.bg.ac.rs\/\" class=\"elementor-button-link elementor-button elementor-size-lg\" role=\"button\">\n\t\t\t\t\t\t<span class=\"elementor-button-content-wrapper\">\n\t\t\t\t\t\t<span class=\"elementor-button-text\">PR4 - Online platform  (moodle)<\/span>\n\t\t<\/span>\n\t\t\t\t\t<\/a>\n\t\t<\/div>\n\t\t\t\t<\/div>\n\t\t\t\t<\/div>\n\t\t\t\t\t<\/div>\n\t\t<\/div>\n\t\t\t\t\t\t\t<\/div>\n\t\t<\/section>\n\t\t\t\t\t\t<\/div>\n\t\t\t\t\t<\/div>\n\t\t","protected":false},"excerpt":{"rendered":"<p>PR4 &#8211; Pr\u00edru\u010dka pre u\u010dite\u013eov stredn\u00fdch \u0161k\u00f4l (slovensk\u00e1 verzia) PR4 &#8211; Pr\u016fvodce pro u\u010ditele st\u0159edn\u00edch \u0161kol (\u010desk\u00e1 verze) PR4 &#8211; Vodi\u010d za nastavnike srednjih \u0161kola (hrvatska verzija) PR4 &#8211; \u041f\u0440\u0438\u0440\u0443\u0447\u043d\u0438\u043a \u0437\u0430 \u043d\u0430\u0441\u0442\u0430\u0432\u043d\u0438\u043a\u0435 \u0441\u0440\u0435\u0434\u045a\u0438\u0445 \u0448\u043a\u043e\u043b\u0430 (c\u0440\u043f\u0441\u043a\u0430 \u0432\u0435\u0440\u0437\u0438\u0458\u0430) PR4 &#8211; Ein praktischer Leitfaden f\u00fcr&#8230;<\/p>\n","protected":false},"author":1,"featured_media":0,"parent":0,"menu_order":0,"comment_status":"closed","ping_status":"closed","template":"","meta":{"_monsterinsights_skip_tracking":false,"_monsterinsights_sitenote_active":false,"_monsterinsights_sitenote_note":"","_monsterinsights_sitenote_category":0},"_links":{"self":[{"href":"https:\/\/oop4fun.eu\/index.php?rest_route=\/wp\/v2\/pages\/1658"}],"collection":[{"href":"https:\/\/oop4fun.eu\/index.php?rest_route=\/wp\/v2\/pages"}],"about":[{"href":"https:\/\/oop4fun.eu\/index.php?rest_route=\/wp\/v2\/types\/page"}],"author":[{"embeddable":true,"href":"https:\/\/oop4fun.eu\/index.php?rest_route=\/wp\/v2\/users\/1"}],"replies":[{"embeddable":true,"href":"https:\/\/oop4fun.eu\/index.php?rest_route=%2Fwp%2Fv2%2Fcomments&post=1658"}],"version-history":[{"count":40,"href":"https:\/\/oop4fun.eu\/index.php?rest_route=\/wp\/v2\/pages\/1658\/revisions"}],"predecessor-version":[{"id":1886,"href":"https:\/\/oop4fun.eu\/index.php?rest_route=\/wp\/v2\/pages\/1658\/revisions\/1886"}],"wp:attachment":[{"href":"https:\/\/oop4fun.eu\/index.php?rest_route=%2Fwp%2Fv2%2Fmedia&parent=1658"}],"curies":[{"name":"wp","href":"https:\/\/api.w.org\/{rel}","templated":true}]}}