{"id":1583,"date":"2024-09-17T10:29:54","date_gmt":"2024-09-17T10:29:54","guid":{"rendered":"https:\/\/oop4fun.eu\/?page_id=1583"},"modified":"2025-01-21T07:24:40","modified_gmt":"2025-01-21T07:24:40","slug":"pr3-syllabus-for-teaching-programming-following-light-oop-principles","status":"publish","type":"page","link":"https:\/\/oop4fun.eu\/?page_id=1583","title":{"rendered":"PR3 \u2013 Syllabus for teaching programming following light OOP principles"},"content":{"rendered":"\t\t<div data-elementor-type=\"wp-page\" data-elementor-id=\"1583\" class=\"elementor elementor-1583\" data-elementor-settings=\"[]\">\n\t\t\t\t\t\t\t<div class=\"elementor-section-wrap\">\n\t\t\t\t\t\t\t<section class=\"elementor-section elementor-top-section elementor-element elementor-element-035dbe2 elementor-section-boxed elementor-section-height-default elementor-section-height-default\" data-id=\"035dbe2\" data-element_type=\"section\">\n\t\t\t\t\t\t\t<div class=\"elementor-background-overlay\"><\/div>\n\t\t\t\t\t\t\t<div class=\"elementor-container elementor-column-gap-default\">\n\t\t\t\t\t<div class=\"elementor-column elementor-col-100 elementor-top-column elementor-element elementor-element-40c4d21\" data-id=\"40c4d21\" data-element_type=\"column\">\n\t\t\t<div class=\"elementor-widget-wrap elementor-element-populated\">\n\t\t\t\t\t\t\t\t<div class=\"elementor-element elementor-element-c52ec53 elementor-align-center elementor-widget elementor-widget-button\" data-id=\"c52ec53\" data-element_type=\"widget\" data-widget_type=\"button.default\">\n\t\t\t\t<div class=\"elementor-widget-container\">\n\t\t\t\t\t<div class=\"elementor-button-wrapper\">\n\t\t\t<a href=\"https:\/\/oop4fun.eu\/wp-content\/uploads\/2025\/01\/OOP4FUN-PR3-Syllabus-EN.pdf\" class=\"elementor-button-link elementor-button elementor-size-lg\" role=\"button\">\n\t\t\t\t\t\t<span class=\"elementor-button-content-wrapper\">\n\t\t\t\t\t\t<span class=\"elementor-button-text\">PR3 - Syllabus for teaching OOP (English version)<\/span>\n\t\t<\/span>\n\t\t\t\t\t<\/a>\n\t\t<\/div>\n\t\t\t\t<\/div>\n\t\t\t\t<\/div>\n\t\t\t\t<div class=\"elementor-element elementor-element-075b6bd elementor-align-center elementor-widget elementor-widget-button\" data-id=\"075b6bd\" data-element_type=\"widget\" data-widget_type=\"button.default\">\n\t\t\t\t<div class=\"elementor-widget-container\">\n\t\t\t\t\t<div class=\"elementor-button-wrapper\">\n\t\t\t<a href=\"https:\/\/oop4fun.eu\/wp-content\/uploads\/2025\/01\/OOP4FUN-PR3-Syllabus-SK.pdf\" class=\"elementor-button-link elementor-button elementor-size-lg\" role=\"button\">\n\t\t\t\t\t\t<span class=\"elementor-button-content-wrapper\">\n\t\t\t\t\t\t<span class=\"elementor-button-text\">PR3 - \u0160tudijn\u00fd pl\u00e1n na v\u00fdu\u010dbu OOP (slovensk\u00e1 verzia)<\/span>\n\t\t<\/span>\n\t\t\t\t\t<\/a>\n\t\t<\/div>\n\t\t\t\t<\/div>\n\t\t\t\t<\/div>\n\t\t\t\t<div class=\"elementor-element elementor-element-9ec8a9c elementor-align-center elementor-widget elementor-widget-button\" data-id=\"9ec8a9c\" data-element_type=\"widget\" data-widget_type=\"button.default\">\n\t\t\t\t<div class=\"elementor-widget-container\">\n\t\t\t\t\t<div class=\"elementor-button-wrapper\">\n\t\t\t<a href=\"https:\/\/oop4fun.eu\/wp-content\/uploads\/2025\/01\/OOP4FUN-PR3-Syllabus-CZ.pdf\" class=\"elementor-button-link elementor-button elementor-size-lg\" role=\"button\">\n\t\t\t\t\t\t<span class=\"elementor-button-content-wrapper\">\n\t\t\t\t\t\t<span class=\"elementor-button-text\">PR3 - Sylabus pro v\u00fduku OOP (\u010desk\u00e1 verze)<\/span>\n\t\t<\/span>\n\t\t\t\t\t<\/a>\n\t\t<\/div>\n\t\t\t\t<\/div>\n\t\t\t\t<\/div>\n\t\t\t\t<div class=\"elementor-element elementor-element-8cf16da elementor-align-center elementor-widget elementor-widget-button\" data-id=\"8cf16da\" data-element_type=\"widget\" data-widget_type=\"button.default\">\n\t\t\t\t<div class=\"elementor-widget-container\">\n\t\t\t\t\t<div class=\"elementor-button-wrapper\">\n\t\t\t<a href=\"https:\/\/oop4fun.eu\/wp-content\/uploads\/2025\/01\/OOP4FUN-PR3-Syllabus-HR.pdf\" class=\"elementor-button-link elementor-button elementor-size-lg\" role=\"button\">\n\t\t\t\t\t\t<span class=\"elementor-button-content-wrapper\">\n\t\t\t\t\t\t<span class=\"elementor-button-text\">PR3 - Nastavni plan i program pou\u010davanja OOP (hrvatska verzija)<\/span>\n\t\t<\/span>\n\t\t\t\t\t<\/a>\n\t\t<\/div>\n\t\t\t\t<\/div>\n\t\t\t\t<\/div>\n\t\t\t\t<div class=\"elementor-element elementor-element-2fb4bbe elementor-align-center elementor-widget elementor-widget-button\" data-id=\"2fb4bbe\" data-element_type=\"widget\" data-widget_type=\"button.default\">\n\t\t\t\t<div class=\"elementor-widget-container\">\n\t\t\t\t\t<div class=\"elementor-button-wrapper\">\n\t\t\t<a href=\"https:\/\/oop4fun.eu\/wp-content\/uploads\/2025\/01\/OOP4FUN-PR3-Syllabus-RS.pdf\" class=\"elementor-button-link elementor-button elementor-size-lg\" role=\"button\">\n\t\t\t\t\t\t<span class=\"elementor-button-content-wrapper\">\n\t\t\t\t\t\t<span class=\"elementor-button-text\">PR3 - Nastavni program za nastavu OOP (srpska verzija)<\/span>\n\t\t<\/span>\n\t\t\t\t\t<\/a>\n\t\t<\/div>\n\t\t\t\t<\/div>\n\t\t\t\t<\/div>\n\t\t\t\t<div class=\"elementor-element elementor-element-9d9e1d1 elementor-align-center elementor-widget elementor-widget-button\" data-id=\"9d9e1d1\" data-element_type=\"widget\" data-widget_type=\"button.default\">\n\t\t\t\t<div class=\"elementor-widget-container\">\n\t\t\t\t\t<div class=\"elementor-button-wrapper\">\n\t\t\t<a href=\"https:\/\/oop4fun.eu\/wp-content\/uploads\/2025\/01\/OOP4FUN-PR3-Syllabus-DE.pdf\" class=\"elementor-button-link elementor-button elementor-size-lg\" role=\"button\">\n\t\t\t\t\t\t<span class=\"elementor-button-content-wrapper\">\n\t\t\t\t\t\t<span class=\"elementor-button-text\">PR3 - Lehrplan f\u00fcr den OOP-Unterricht (deutsche Version)<\/span>\n\t\t<\/span>\n\t\t\t\t\t<\/a>\n\t\t<\/div>\n\t\t\t\t<\/div>\n\t\t\t\t<\/div>\n\t\t\t\t\t<\/div>\n\t\t<\/div>\n\t\t\t\t\t\t\t<\/div>\n\t\t<\/section>\n\t\t\t\t\t\t<\/div>\n\t\t\t\t\t<\/div>\n\t\t","protected":false},"excerpt":{"rendered":"<p>PR3 &#8211; Syllabus for teaching OOP (English version) PR3 &#8211; \u0160tudijn\u00fd pl\u00e1n na v\u00fdu\u010dbu OOP (slovensk\u00e1 verzia) PR3 &#8211; Sylabus pro v\u00fduku OOP (\u010desk\u00e1 verze) PR3 &#8211; Nastavni plan i program pou\u010davanja OOP (hrvatska verzija) PR3 &#8211; Nastavni program za nastavu OOP&#8230;<\/p>\n","protected":false},"author":1,"featured_media":0,"parent":0,"menu_order":0,"comment_status":"closed","ping_status":"closed","template":"","meta":{"_monsterinsights_skip_tracking":false,"_monsterinsights_sitenote_active":false,"_monsterinsights_sitenote_note":"","_monsterinsights_sitenote_category":0},"_links":{"self":[{"href":"https:\/\/oop4fun.eu\/index.php?rest_route=\/wp\/v2\/pages\/1583"}],"collection":[{"href":"https:\/\/oop4fun.eu\/index.php?rest_route=\/wp\/v2\/pages"}],"about":[{"href":"https:\/\/oop4fun.eu\/index.php?rest_route=\/wp\/v2\/types\/page"}],"author":[{"embeddable":true,"href":"https:\/\/oop4fun.eu\/index.php?rest_route=\/wp\/v2\/users\/1"}],"replies":[{"embeddable":true,"href":"https:\/\/oop4fun.eu\/index.php?rest_route=%2Fwp%2Fv2%2Fcomments&post=1583"}],"version-history":[{"count":50,"href":"https:\/\/oop4fun.eu\/index.php?rest_route=\/wp\/v2\/pages\/1583\/revisions"}],"predecessor-version":[{"id":1867,"href":"https:\/\/oop4fun.eu\/index.php?rest_route=\/wp\/v2\/pages\/1583\/revisions\/1867"}],"wp:attachment":[{"href":"https:\/\/oop4fun.eu\/index.php?rest_route=%2Fwp%2Fv2%2Fmedia&parent=1583"}],"curies":[{"name":"wp","href":"https:\/\/api.w.org\/{rel}","templated":true}]}}